{"id":603,"date":"2025-10-13T19:37:49","date_gmt":"2025-10-13T19:37:49","guid":{"rendered":"https:\/\/lajaestudio.es\/product\/panuelo-quica-3\/"},"modified":"2026-04-19T12:47:44","modified_gmt":"2026-04-19T12:47:44","slug":"panuelo-quica-3","status":"publish","type":"product","link":"https:\/\/lajaestudio.es\/en\/product\/panuelo-quica-3\/","title":{"rendered":"Pa\u00f1uelo Quica Amarillo"},"content":{"rendered":"<ul>\n<li style=\"text-align: left\">Pa\u00f1uelo de poli\u00e9ster semi seda de 70x70cm, sublimado con un estampado \u00fanico dise\u00f1ado para la colecci\u00f3n Islas de Laja Estudio.\u00a0 Es una edici\u00f3n limitada y novedosa.<\/li>\n<\/ul>","protected":false},"excerpt":{"rendered":"<p>Pa\u00f1uelo de poli\u00e9ster semi seda de 70x70cm, sublimado con un estampado \u00fanico dise\u00f1ado para la colecci\u00f3n Islas de Laja Estudio.\u00a0 Es una edici\u00f3n limitada y novedosa.<\/p>","protected":false},"featured_media":601,"template":"","meta":{"site-sidebar-layout":"default","site-content-layout":"default","ast-site-content-layout":"default","site-content-style":"default","site-sidebar-style":"default","ast-global-header-display":"","ast-banner-title-visibility":"","ast-main-header-display":"","ast-hfb-above-header-display":"","ast-hfb-below-header-display":"","ast-hfb-mobile-header-display":"","site-post-title":"","ast-breadcrumbs-content":"","ast-featured-img":"","footer-sml-layout":"","theme-transparent-header-meta":"default","adv-header-id-meta":"","stick-header-meta":"default","header-above-stick-meta":"","header-main-stick-meta":"","header-below-stick-meta":"","astra-migrate-meta-layouts":"default","ast-page-background-enabled":"default","ast-page-background-meta":{"desktop":{"background-color":"var(--ast-global-color-4)","background-image":"","background-repeat":"repeat","background-position":"center center","background-size":"auto","background-attachment":"scroll","background-type":"","background-media":"","overlay-type":"","overlay-color":"","overlay-opacity":"","overlay-gradient":""},"tablet":{"background-color":"","background-image":"","background-repeat":"repeat","background-position":"center center","background-size":"auto","background-attachment":"scroll","background-type":"","background-media":"","overlay-type":"","overlay-color":"","overlay-opacity":"","overlay-gradient":""},"mobile":{"background-color":"","background-image":"","background-repeat":"repeat","background-position":"center center","background-size":"auto","background-attachment":"scroll","background-type":"","background-media":"","overlay-type":"","overlay-color":"","overlay-opacity":"","overlay-gradient":""}},"ast-content-background-meta":{"desktop":{"background-color":"var(--ast-global-color-5)","background-image":"","background-repeat":"repeat","background-position":"center center","background-size":"auto","background-attachment":"scroll","background-type":"","background-media":"","overlay-type":"","overlay-color":"","overlay-opacity":"","overlay-gradient":""},"tablet":{"background-color":"var(--ast-global-color-5)","background-image":"","background-repeat":"repeat","background-position":"center center","background-size":"auto","background-attachment":"scroll","background-type":"","background-media":"","overlay-type":"","overlay-color":"","overlay-opacity":"","overlay-gradient":""},"mobile":{"background-color":"var(--ast-global-color-5)","background-image":"","background-repeat":"repeat","background-position":"center center","background-size":"auto","background-attachment":"scroll","background-type":"","background-media":"","overlay-type":"","overlay-color":"","overlay-opacity":"","overlay-gradient":""}},"_joinchat":[]},"product_brand":[],"product_cat":[36,45],"product_tag":[],"class_list":{"0":"post-603","1":"product","2":"type-product","3":"status-publish","4":"has-post-thumbnail","6":"product_cat-accesorios","7":"product_cat-ofertas","8":"desktop-align-left","9":"tablet-align-left","10":"mobile-align-left","11":"ast-product-gallery-layout-vertical-slider","12":"ast-product-tabs-layout-distributed","13":"ast-qv-on-image","15":"first","16":"instock","17":"sale","18":"featured","19":"shipping-taxable","20":"purchasable","21":"product-type-simple"},"_links":{"self":[{"href":"https:\/\/lajaestudio.es\/en\/wp-json\/wp\/v2\/product\/603","targetHints":{"allow":["GET"]}}],"collection":[{"href":"https:\/\/lajaestudio.es\/en\/wp-json\/wp\/v2\/product"}],"about":[{"href":"https:\/\/lajaestudio.es\/en\/wp-json\/wp\/v2\/types\/product"}],"version-history":[{"count":1,"href":"https:\/\/lajaestudio.es\/en\/wp-json\/wp\/v2\/product\/603\/revisions"}],"predecessor-version":[{"id":1218,"href":"https:\/\/lajaestudio.es\/en\/wp-json\/wp\/v2\/product\/603\/revisions\/1218"}],"wp:featuredmedia":[{"embeddable":true,"href":"https:\/\/lajaestudio.es\/en\/wp-json\/wp\/v2\/media\/601"}],"wp:attachment":[{"href":"https:\/\/lajaestudio.es\/en\/wp-json\/wp\/v2\/media?parent=603"}],"wp:term":[{"taxonomy":"product_brand","embeddable":true,"href":"https:\/\/lajaestudio.es\/en\/wp-json\/wp\/v2\/product_brand?post=603"},{"taxonomy":"product_cat","embeddable":true,"href":"https:\/\/lajaestudio.es\/en\/wp-json\/wp\/v2\/product_cat?post=603"},{"taxonomy":"product_tag","embeddable":true,"href":"https:\/\/lajaestudio.es\/en\/wp-json\/wp\/v2\/product_tag?post=603"}],"curies":[{"name":"wp","href":"https:\/\/api.w.org\/{rel}","templated":true}]}}