{"id":503,"date":"2025-10-06T21:03:55","date_gmt":"2025-10-06T21:03:55","guid":{"rendered":"https:\/\/lajaestudio.es\/product\/product-name-2\/"},"modified":"2026-04-15T08:33:27","modified_gmt":"2026-04-15T08:33:27","slug":"pack-dia-de-la-madre-2-pax","status":"publish","type":"product","link":"https:\/\/lajaestudio.es\/en\/product\/pack-dia-de-la-madre-2-pax\/","title":{"rendered":"PACK D\u00cdA DE LA MADRE 2 pax"},"content":{"rendered":"<p>Taller de collares con picoteo<\/p>\n<p>Dise\u00f1a y crea tu propio collar desde cero, sin necesidad de experiencia previa, nosotros te guiamos.<\/p>\n<p>El taller dura alrededor de una hora y termina con un rico picoteo para compartir.<\/p>\n<p>Todos los materiales est\u00e1n incluidos y el grupo es reducido (m\u00e1ximo 8 personas) para que disfrutes una experiencia personalizada.<\/p>\n<p>Si no puedes asistir, puedes cambiar de fecha avisando con al menos 1 semana de antelaci\u00f3n. Si cancelas fuera de plazo o no acudes perder\u00e1s tu plaza. Durante el taller haremos algunas fotos y videos para nuestras redes; si no quieres aparecer, av\u00edsanos al llegar.<\/p>","protected":false},"excerpt":{"rendered":"<p>Taller de collares con picoteo<\/p>\n<p>Dise\u00f1a y crea tu propio collar desde cero, sin necesidad de experiencia previa, nosotros te guiamos.<\/p>","protected":false},"featured_media":1647,"template":"","meta":{"site-sidebar-layout":"default","site-content-layout":"default","ast-site-content-layout":"default","site-content-style":"default","site-sidebar-style":"default","ast-global-header-display":"","ast-banner-title-visibility":"","ast-main-header-display":"","ast-hfb-above-header-display":"","ast-hfb-below-header-display":"","ast-hfb-mobile-header-display":"","site-post-title":"","ast-breadcrumbs-content":"","ast-featured-img":"","footer-sml-layout":"","theme-transparent-header-meta":"default","adv-header-id-meta":"","stick-header-meta":"default","header-above-stick-meta":"","header-main-stick-meta":"","header-below-stick-meta":"","astra-migrate-meta-layouts":"set","ast-page-background-enabled":"default","ast-page-background-meta":{"desktop":{"background-color":"var(--ast-global-color-4)","background-image":"","background-repeat":"repeat","background-position":"center center","background-size":"auto","background-attachment":"scroll","background-type":"","background-media":"","overlay-type":"","overlay-color":"","overlay-opacity":"","overlay-gradient":""},"tablet":{"background-color":"","background-image":"","background-repeat":"repeat","background-position":"center center","background-size":"auto","background-attachment":"scroll","background-type":"","background-media":"","overlay-type":"","overlay-color":"","overlay-opacity":"","overlay-gradient":""},"mobile":{"background-color":"","background-image":"","background-repeat":"repeat","background-position":"center center","background-size":"auto","background-attachment":"scroll","background-type":"","background-media":"","overlay-type":"","overlay-color":"","overlay-opacity":"","overlay-gradient":""}},"ast-content-background-meta":{"desktop":{"background-color":"var(--ast-global-color-5)","background-image":"","background-repeat":"repeat","background-position":"center center","background-size":"auto","background-attachment":"scroll","background-type":"","background-media":"","overlay-type":"","overlay-color":"","overlay-opacity":"","overlay-gradient":""},"tablet":{"background-color":"var(--ast-global-color-5)","background-image":"","background-repeat":"repeat","background-position":"center center","background-size":"auto","background-attachment":"scroll","background-type":"","background-media":"","overlay-type":"","overlay-color":"","overlay-opacity":"","overlay-gradient":""},"mobile":{"background-color":"var(--ast-global-color-5)","background-image":"","background-repeat":"repeat","background-position":"center center","background-size":"auto","background-attachment":"scroll","background-type":"","background-media":"","overlay-type":"","overlay-color":"","overlay-opacity":"","overlay-gradient":""}},"_joinchat":[]},"product_brand":[],"product_cat":[40],"product_tag":[],"class_list":{"0":"post-503","1":"product","2":"type-product","3":"status-publish","4":"has-post-thumbnail","6":"product_cat-talleres","7":"desktop-align-left","8":"tablet-align-left","9":"mobile-align-left","10":"ast-product-gallery-layout-vertical-slider","11":"ast-product-gallery-with-no-image","12":"ast-product-tabs-layout-distributed","13":"ast-qv-on-image","15":"first","16":"instock","17":"shipping-taxable","18":"purchasable","19":"product-type-simple"},"_links":{"self":[{"href":"https:\/\/lajaestudio.es\/en\/wp-json\/wp\/v2\/product\/503","targetHints":{"allow":["GET"]}}],"collection":[{"href":"https:\/\/lajaestudio.es\/en\/wp-json\/wp\/v2\/product"}],"about":[{"href":"https:\/\/lajaestudio.es\/en\/wp-json\/wp\/v2\/types\/product"}],"version-history":[{"count":6,"href":"https:\/\/lajaestudio.es\/en\/wp-json\/wp\/v2\/product\/503\/revisions"}],"predecessor-version":[{"id":1648,"href":"https:\/\/lajaestudio.es\/en\/wp-json\/wp\/v2\/product\/503\/revisions\/1648"}],"wp:featuredmedia":[{"embeddable":true,"href":"https:\/\/lajaestudio.es\/en\/wp-json\/wp\/v2\/media\/1647"}],"wp:attachment":[{"href":"https:\/\/lajaestudio.es\/en\/wp-json\/wp\/v2\/media?parent=503"}],"wp:term":[{"taxonomy":"product_brand","embeddable":true,"href":"https:\/\/lajaestudio.es\/en\/wp-json\/wp\/v2\/product_brand?post=503"},{"taxonomy":"product_cat","embeddable":true,"href":"https:\/\/lajaestudio.es\/en\/wp-json\/wp\/v2\/product_cat?post=503"},{"taxonomy":"product_tag","embeddable":true,"href":"https:\/\/lajaestudio.es\/en\/wp-json\/wp\/v2\/product_tag?post=503"}],"curies":[{"name":"wp","href":"https:\/\/api.w.org\/{rel}","templated":true}]}}